{"id":85,"date":"2021-11-30T20:32:26","date_gmt":"2021-11-30T20:32:26","guid":{"rendered":"https:\/\/brettageymslan.is\/?page_id=85"},"modified":"2025-11-14T09:32:45","modified_gmt":"2025-11-14T09:32:45","slug":"85-2","status":"publish","type":"page","link":"https:\/\/brettageymslan.is\/index.php\/85-2\/","title":{"rendered":"Ver\u00f0skr\u00e1"},"content":{"rendered":"<p>[et_pb_section fb_built=\u00bb1&#8243; admin_label=\u00bbServices\u00bb _builder_version=\u00bb4.16&#8243; background_color=\u00bbRGBA(255,255,255,0)\u00bb custom_padding=\u00bb54px|0px|54px|0px|true|false\u00bb global_colors_info=\u00bb{}\u00bb][et_pb_row _builder_version=\u00bb4.16&#8243; custom_margin=\u00bb|||\u00bb custom_padding=\u00bb|||\u00bb global_colors_info=\u00bb{}\u00bb][et_pb_column type=\u00bb4_4&#8243; _builder_version=\u00bb4.16&#8243; custom_padding=\u00bb|||\u00bb global_colors_info=\u00bb{}\u00bb custom_padding__hover=\u00bb|||\u00bb][et_pb_text _builder_version=\u00bb4.16&#8243; text_font=\u00bb||||||||\u00bb text_font_size=\u00bb16px\u00bb text_line_height=\u00bb1.8em\u00bb header_font=\u00bbLibre Franklin|600|||||||\u00bb header_text_color=\u00bb#000000&#8243; header_font_size=\u00bb60px\u00bb header_line_height=\u00bb1.4em\u00bb max_width=\u00bb600px\u00bb custom_margin=\u00bb|-396px||||\u00bb header_font_size_tablet=\u00bb\u00bb header_font_size_phone=\u00bb32px\u00bb header_font_size_last_edited=\u00bbon|phone\u00bb global_colors_info=\u00bb{}\u00bb]<\/p>\n<h1 style=\"text-align: left;\"><span style=\"color: #000000; font-size: xx-large;\">Ver\u00f0skr\u00e1<\/span><\/h1>\n<p>[\/et_pb_text][\/et_pb_column][\/et_pb_row][et_pb_row _builder_version=\u00bb4.27.0&#8243; width=\u00bb89.5%\u00bb hover_enabled=\u00bb0&#8243; locked=\u00bboff\u00bb global_colors_info=\u00bb{}\u00bb sticky_enabled=\u00bb0&#8243;][et_pb_column type=\u00bb4_4&#8243; _builder_version=\u00bb4.16&#8243; custom_padding=\u00bb|||\u00bb global_colors_info=\u00bb{}\u00bb custom_padding__hover=\u00bb|||\u00bb][et_pb_image src=\u00bbhttps:\/\/brettageymslan.is\/wp-content\/uploads\/2021\/11\/electrician_04.png\u00bb title_text=\u00bbelectrician_04&#8243; _builder_version=\u00bb4.16&#8243; custom_margin=\u00bb||4px|\u00bb animation_style=\u00bbfold\u00bb animation_direction=\u00bbtop\u00bb always_center_on_mobile=\u00bboff\u00bb global_colors_info=\u00bb{}\u00bb][\/et_pb_image][et_pb_text _builder_version=\u00bb4.27.0&#8243; text_text_color=\u00bb#FFFFFF\u00bb quote_font=\u00bb||||||||\u00bb header_font=\u00bb||||||||\u00bb header_6_font=\u00bbLibre Franklin|600|||||||\u00bb header_6_text_color=\u00bb#004ffe\u00bb header_6_font_size=\u00bb22px\u00bb header_6_line_height=\u00bb1.8em\u00bb max_width=\u00bb400px\u00bb custom_margin=\u00bb|||\u00bb hover_enabled=\u00bb0&#8243; border_color_all=\u00bb#c91c1c\u00bb border_width_bottom=\u00bb2px\u00bb locked=\u00bboff\u00bb global_colors_info=\u00bb{}\u00bb sticky_enabled=\u00bb0&#8243;]<\/p>\n<h1 style=\"text-align: right;\"><strong><span style=\"color: #bc1e18; font-size: xx-large;\">Brettaleiga<\/span><\/strong><\/h1>\n<p>[\/et_pb_text][et_pb_blurb title=\u00bb\u00a0 \u00a0 \u00a0 \u00a0 \u00a0 \u00a0 \u00a0Ver\u00f0listi\u00a0\u00bb use_icon=\u00bbon\u00bb font_icon=\u00bb&#x39;||divi||400&#8243; icon_color=\u00bb#BA1A1A\u00bb icon_placement=\u00bbleft\u00bb _builder_version=\u00bb4.27.0&#8243; header_font=\u00bbLibre Franklin|600|||||||\u00bb header_text_color=\u00bb#000000&#8243; header_font_size=\u00bb22px\u00bb header_line_height=\u00bb1.8em\u00bb body_font=\u00bb||||||||\u00bb body_text_color=\u00bb#000000&#8243; body_font_size=\u00bb16px\u00bb body_line_height=\u00bb1.8em\u00bb background_layout=\u00bbdark\u00bb custom_margin=\u00bb|||\u00bb custom_padding=\u00bb11px|||||\u00bb animation=\u00bboff\u00bb hover_enabled=\u00bb0&#8243; locked=\u00bboff\u00bb global_colors_info=\u00bb{}\u00bb sticky_enabled=\u00bb0&#8243;]<\/p>\n<h2 style=\"text-align: left;\"><\/h2>\n<table border=\"1\" style=\"border-collapse: collapse; width: 0%; height: 368px;\">\n<tbody>\n<tr style=\"height: 24px;\">\n<td style=\"width: 62.783172%; height: 24px;\">Brettagjald<\/td>\n<td style=\"width: 36.893204%; height: 24px;\">9.700kr.<\/td>\n<\/tr>\n<tr style=\"height: 24px;\">\n<td style=\"width: 62.783172%; height: 24px;\"><\/td>\n<td style=\"width: 36.893204%; height: 24px;\"><\/td>\n<\/tr>\n<tr style=\"height: 24px;\">\n<td style=\"width: 62.783172%; height: 24px;\">Akstur-<\/td>\n<td style=\"width: 36.893204%; height: 24px;\"><\/td>\n<\/tr>\n<tr style=\"height: 24px;\">\n<td style=\"width: 62.783172%; height: 24px;\">\u00a0\/- einn ma\u00f0ur \u00e1 b\u00edl<\/td>\n<td style=\"width: 36.893204%; height: 24px;\">18.000\/klst<\/td>\n<\/tr>\n<tr style=\"height: 24px;\">\n<td style=\"width: 62.783172%; height: 24px;\">\/- tveir menn \u00e1 b\u00edl<\/td>\n<td style=\"width: 36.893204%; height: 24px;\">32.000\/klst<\/td>\n<\/tr>\n<tr style=\"height: 24px;\">\n<td style=\"width: 62.783172%; height: 24px;\"><\/td>\n<td style=\"width: 36.893204%; height: 24px;\"><\/td>\n<\/tr>\n<tr style=\"height: 24px;\">\n<td style=\"width: 62.783172%; height: 24px;\"><span style=\"color: #870836;\"><em>Samningar um geymslu og akstur \u00ed bo\u00f0i fyrir fyrirt\u00e6ki<\/em><\/span><\/td>\n<td style=\"width: 36.893204%; height: 24px;\"><\/td>\n<\/tr>\n<\/tbody>\n<\/table>\n<p>[\/et_pb_blurb][\/et_pb_column][\/et_pb_row][\/et_pb_section]<\/p>\n","protected":false},"excerpt":{"rendered":"<p>Ver\u00f0skr\u00e1Brettaleiga Brettagjald 9.700kr. Akstur- \u00a0\/- einn ma\u00f0ur \u00e1 b\u00edl 18.000\/klst \/- tveir menn \u00e1 b\u00edl 32.000\/klst Samningar um geymslu og akstur \u00ed bo\u00f0i fyrir fyrirt\u00e6ki<\/p>\n","protected":false},"author":3,"featured_media":0,"parent":0,"menu_order":0,"comment_status":"closed","ping_status":"closed","template":"","meta":{"_et_pb_use_builder":"on","_et_pb_old_content":"","_et_gb_content_width":"","footnotes":""},"class_list":["post-85","page","type-page","status-publish","hentry"],"_links":{"self":[{"href":"https:\/\/brettageymslan.is\/index.php\/wp-json\/wp\/v2\/pages\/85","targetHints":{"allow":["GET"]}}],"collection":[{"href":"https:\/\/brettageymslan.is\/index.php\/wp-json\/wp\/v2\/pages"}],"about":[{"href":"https:\/\/brettageymslan.is\/index.php\/wp-json\/wp\/v2\/types\/page"}],"author":[{"embeddable":true,"href":"https:\/\/brettageymslan.is\/index.php\/wp-json\/wp\/v2\/users\/3"}],"replies":[{"embeddable":true,"href":"https:\/\/brettageymslan.is\/index.php\/wp-json\/wp\/v2\/comments?post=85"}],"version-history":[{"count":39,"href":"https:\/\/brettageymslan.is\/index.php\/wp-json\/wp\/v2\/pages\/85\/revisions"}],"predecessor-version":[{"id":488,"href":"https:\/\/brettageymslan.is\/index.php\/wp-json\/wp\/v2\/pages\/85\/revisions\/488"}],"wp:attachment":[{"href":"https:\/\/brettageymslan.is\/index.php\/wp-json\/wp\/v2\/media?parent=85"}],"curies":[{"name":"wp","href":"https:\/\/api.w.org\/{rel}","templated":true}]}}