{"id":58,"date":"2021-11-30T18:35:56","date_gmt":"2021-11-30T18:35:56","guid":{"rendered":"https:\/\/brettageymslan.is\/?page_id=58"},"modified":"2025-11-14T08:44:29","modified_gmt":"2025-11-14T08:44:29","slug":"skilmalar","status":"publish","type":"page","link":"https:\/\/brettageymslan.is\/index.php\/skilmalar\/","title":{"rendered":"Skilm\u00e1lar"},"content":{"rendered":"<p>[et_pb_section fb_built=\u00bb1&#8243; admin_label=\u00bbServices\u00bb _builder_version=\u00bb4.16&#8243; background_color=\u00bb#e3e4e5&#8243; custom_padding=\u00bb54px|0px|54px|0px|false|false\u00bb global_colors_info=\u00bb{}\u00bb][et_pb_row column_structure=\u00bb1_3,1_3,1_3&#8243; _builder_version=\u00bb4.16&#8243; custom_margin=\u00bb|||\u00bb custom_padding=\u00bb|||\u00bb global_colors_info=\u00bb{}\u00bb][et_pb_column type=\u00bb1_3&#8243; _builder_version=\u00bb4.16&#8243; custom_padding=\u00bb|||\u00bb global_colors_info=\u00bb{}\u00bb custom_padding__hover=\u00bb|||\u00bb][et_pb_text _builder_version=\u00bb4.16&#8243; text_font=\u00bb||||||||\u00bb text_font_size=\u00bb16px\u00bb text_line_height=\u00bb3em\u00bb header_font=\u00bbLibre Franklin|600|||||||\u00bb header_font_size=\u00bb60px\u00bb header_line_height=\u00bb1.4em\u00bb background_color=\u00bbRGBA(255,255,255,0)\u00bb text_orientation=\u00bbjustified\u00bb max_width_tablet=\u00bb100%\u00bb max_width_phone=\u00bb100%\u00bb max_width_last_edited=\u00bbon|phone\u00bb custom_margin=\u00bb|-600px|||false|false\u00bb header_font_size_tablet=\u00bb\u00bb header_font_size_phone=\u00bb32px\u00bb header_font_size_last_edited=\u00bbon|phone\u00bb inline_fonts=\u00bbAlata\u00bb global_colors_info=\u00bb{}\u00bb]<\/p>\n<h1><span style=\"font-size: xx-large;\">\u00a0<span style=\"font-family: inherit; font-weight: normal;\"><em>Skilm\u00e1lar<\/em><\/span><\/span><\/h1>\n<p style=\"text-align: left;\"><em><strong>Eftirfarandi skilm\u00e1lar gilda hj\u00e1 Brettageymslunni.<\/strong><\/em><\/p>\n<ol class=\"ol1\">\n<li class=\"li1\" style=\"text-align: left;\"><span class=\"s1\"><i><\/i><\/span><span class=\"s2\"><b><i>Leigut\u00edmabil- <span class=\"Apple-converted-space\">\u00a0 <\/span><\/i><\/b><i>L\u00e1gmarks leigut\u00edmi er einn m\u00e1nu\u00f0ur. Leigut\u00edmi er \u00e1vallt \u00ed heilum m\u00e1nu\u00f0um fr\u00e1 leigudegi. Uppgj\u00f6r varnings sem tekinn er \u00ed geymslu 15. jan\u00faar og sagt upp 10. febr\u00faar skal mi\u00f0ast vi\u00f0 10. mars sem s\u00ed\u00f0asta leigudag.<\/i><\/span><span class=\"s2\"><i><\/i><\/span><span class=\"s2\"><i><\/i><\/span><span class=\"s2\"><i><\/i><\/span><span class=\"s2\"><i><\/i><\/span><span class=\"s2\"><i><\/i><\/span><span class=\"s2\"><i><\/i><\/span><\/li>\n<li class=\"li1\" style=\"text-align: left;\"><i><\/i><span class=\"s2\"><b><i>Upps\u00f6gn leigusamnings-<\/i><\/b><i> Uppsagnarfrestur leigutaka og leigusala er a\u00f0 l\u00e1gmarki einn m\u00e1nu\u00f0ur. Segja \u00fearf upp leigusamningi skriflega af h\u00e1lfu leigutaka. H\u00e6gt er a\u00f0 senda upps\u00f6gn rafr\u00e6nt \u00ed fyrirspurnarforminu h\u00e9r \u00e1 vefs\u00ed\u00f0unni, <a href=\"mailto:info@brettageymslan.is\">info@brettageymslan.is<\/a>\u00a0 \u00a0 en \u00fe\u00e1 er nau\u00f0synlegt a\u00f0 upps\u00f6gn komi fr\u00e1 netfangi sem skr\u00e1\u00f0 er \u00ed leigusamningi.\u00a0<\/i><\/span><\/li>\n<li class=\"li1\" style=\"text-align: left;\"><i><\/i><span class=\"s2\"><b><i>Brettalosun-<span class=\"Apple-converted-space\">\u00a0 <\/span><\/i><\/b><i>Ef leigutaki vanr\u00e6kir a\u00f0 s\u00e6kja varning \u00e1 s\u00ed\u00f0ast leigudegi \u00fe\u00e1 \u00f3gildist upps\u00f6gn og leigutaki \u00fearf aftur a\u00f0 tilkynna upps\u00f6gn \u00e1 sama h\u00e1tt og \u00e1\u00f0ur.<\/i><\/span><span class=\"s2\"><i><\/i><\/span><span class=\"s2\"><i><\/i><\/span><span class=\"s2\"><i><\/i><\/span><span class=\"s2\"><i><\/i><\/span><span class=\"s2\"><i><\/i><\/span><span class=\"s2\"><i><\/i><\/span><\/li>\n<li class=\"li1\" style=\"text-align: left;\"><i><\/i><span class=\"s2\"><b><i>Haldlagning varnings-<span class=\"Apple-converted-space\">\u00a0 \u00a0 <\/span><\/i><\/b><i>Ef leigutaki stendur ekki \u00ed skilum e\u00f0a vanefnir samning \u00feann er ger\u00f0ur hefur veri\u00f0 er honum meina\u00f0ur a\u00f0gangur a\u00f0 varningi s\u00ednum \u00fear til grei\u00f0sla hefur borist.<span class=\"Apple-converted-space\">\u00a0<\/span><\/i><\/span><span class=\"s2\"><i><span class=\"Apple-converted-space\"><\/span><\/i><\/span><span class=\"s2\"><i><span class=\"Apple-converted-space\"><\/span><\/i><\/span><span class=\"s2\"><i><span class=\"Apple-converted-space\"><\/span><\/i><\/span><span class=\"s2\"><i><span class=\"Apple-converted-space\"><\/span><\/i><\/span><span class=\"s2\"><i><span class=\"Apple-converted-space\"><\/span><\/i><\/span><span class=\"s2\"><i><span class=\"Apple-converted-space\"><\/span><\/i><\/span><\/li>\n<li class=\"li1\" style=\"text-align: left;\"><i><\/i><span class=\"s2\"><b><i>Vanefndir (r\u00fdming)-<\/i><\/b><i><span class=\"Apple-converted-space\">\u00a0 <\/span>Ef vanefndir eru vi\u00f0varandi og ekkert hefur veri\u00f0 greitt \u00ed \u00ferj\u00e1 m\u00e1nu\u00f0i er leigusala heimilt me\u00f0 einhli\u00f0a a\u00f0ger\u00f0um \u00e1n a\u00f0komu s\u00fdslumanns a\u00f0 r\u00fdma geymsluna.<span class=\"Apple-converted-space\">\u00a0 <\/span>Varningi er \u00fe\u00e1 farga\u00f0 e\u00f0a hann seldur, en leigusala er heimilt \u00e1n frekari fyrirvara a\u00f0 l\u00e1ta andvir\u00f0i seldra muna renna upp \u00ed skuld leigutaka. Leigutaki er \u00e1byrgur fyrir \u00feeim kostna\u00f0i sem hl\u00fdst af f\u00f6rgun og r\u00fdmingu. Leigusali ber ekki \u00e1byrg\u00f0 \u00e1 \u00feeim fj\u00e1rhagslega ska\u00f0a sem leigutaki telur sig hafa or\u00f0i\u00f0 fyrir me\u00f0 haldlagningu, f\u00f6rgun e\u00f0a s\u00f6lu varnings.<span class=\"Apple-converted-space\">\u00a0 <\/span>Leigusali fer \u00fe\u00f3 aldrei \u00ed r\u00fdmingu \u00e1n \u00feess a\u00f0 tilkynna leigataka fyrir\u00e6tlan s\u00edna me\u00f0 a\u00f0 minnsta kosti \u00feriggja vikna fyrirvara. Leigutaka er send tilkynning um r\u00fdmingu e\u00f0a f\u00f6rgun \u00e1 uppgefi\u00f0 netfang og e\u00f0a s\u00edman\u00famer skv. leigusamningi (s\u00edman\u00famer \u00fearf a\u00f0 vera \u00cdslenskt)\u00a0 A\u00f0 tilkynna um breytingar \u00e1 s\u00edman\u00fameri og e\u00f0a netfangi \u00e1 samningst\u00edma er \u00e1 \u00e1byrg\u00f0 leigutaka og ber \u00fev\u00ed leigusali ekki \u00e1byrg\u00f0 \u00e1 fj\u00e1rhagslegu tj\u00f3ni sem leikutaki telur sig hafa or\u00f0i\u00f0 fyrir vegna \u00feess.<\/i><\/span><span class=\"s2\"><i><\/i><\/span><span class=\"s2\"><i><\/i><\/span><span class=\"s2\"><i><\/i><\/span><span class=\"s2\"><i><\/i><\/span><span class=\"s2\"><i><\/i><\/span><span class=\"s2\"><i><\/i><\/span><\/li>\n<li class=\"li1\" style=\"text-align: left;\"><b><i><\/i><\/b><span class=\"s2\"><b><i>Hverjum er heimill a\u00f0gangur a\u00f0 varningi \u00ed geymslu- <\/i><\/b><i>A\u00f0eins leigutaka og einum a\u00f0ila aukalega (tengili\u00f0 leigutaka) sem tilgreindur er \u00e1 leigusamning er heimill a\u00f0gangur a\u00f0 geymsluvarningi.<span class=\"Apple-converted-space\">\u00a0 <\/span>Nau\u00f0synlegt er a\u00f0 leggja fram skilr\u00edki til au\u00f0kenningar.<\/i><\/span><span class=\"s2\"><i><\/i><\/span><span class=\"s2\"><i><\/i><\/span><span class=\"s2\"><i><\/i><\/span><span class=\"s2\"><i><\/i><\/span><span class=\"s2\"><i><\/i><\/span><span class=\"s2\"><i><\/i><\/span><\/li>\n<li class=\"li1\" style=\"text-align: left;\"><b><i><\/i><\/b><span class=\"s2\"><b><i>Tryggingar-<span class=\"Apple-converted-space\">\u00a0 <\/span><\/i><\/b><i>Brettageymslan.is\/Flutningar og \u00fej\u00f3nusta ehf. tryggir ekki muni leigutaka og er \u00feeim \u00fev\u00ed bent \u00e1 a\u00f0 tryggja sj\u00e1lfir s\u00edna muni, kj\u00f3si \u00feeir svo.<span class=\"Apple-converted-space\">\u00a0 <\/span>H\u00e6gt er a\u00f0 hafa samband vi\u00f0 sitt tryggingaf\u00e9lag til a\u00f0 f\u00e1 varninginn trygg\u00f0an \u00e1 samningst\u00edma.<\/i><\/span><\/li>\n<li class=\"li1\" style=\"text-align: left;\"><b><i><\/i><\/b><span class=\"s2\"><b><i>\u00d3heimilt a\u00f0 geyma-<span class=\"Apple-converted-space\">\u00a0 <\/span><\/i><\/b><i>Ekki er heimilt a\u00f0 geyma h\u00e6ttuleg efni eins og eldsneyti, sprengiefni, gask\u00fata e\u00f0a sl\u00edkt. Geymsluvarningur m\u00e1 ekki gefa fr\u00e1 s\u00e9r lykt sem spillir umhverfi annarra leigjenda. Varningurinn m\u00e1 ekki \u00fearfnast k\u00e6lingar.<\/i><\/span><span class=\"s2\"><i><\/i><\/span><span class=\"s2\"><i><\/i><\/span><span class=\"s2\"><i><\/i><\/span><span class=\"s2\"><i><\/i><\/span><span class=\"s2\"><i><\/i><\/span><span class=\"s2\"><i><\/i><\/span><\/li>\n<li class=\"li1\" style=\"text-align: left;\"><b><i><\/i><\/b><span class=\"s2\"><b><i>\u00c1byrg\u00f0 leigutaka-<span class=\"Apple-converted-space\">\u00a0 <\/span><\/i><\/b><i>Allar breytingar sem kunna a\u00f0 ver\u00f0a \u00e1 leigusamningi \u00e1 leigut\u00edma svo sem breytt heimilisfang, s\u00edmi, netfang e\u00f0a \u00feess h\u00e1ttar \u00feurfa a\u00f0 berast leigusala.<\/i><\/span><span class=\"s2\"><i><\/i><\/span><span class=\"s2\"><i><\/i><\/span><span class=\"s2\"><i><\/i><\/span><span class=\"s2\"><i><\/i><\/span><span class=\"s2\"><i><\/i><\/span><span class=\"s2\"><i><\/i><\/span><\/li>\n<li class=\"li1\" style=\"text-align: left;\"><b><i><\/i><\/b><span class=\"s2\"><b><i>Ef upp koma bilanir \u00ed kerfum-<span class=\"Apple-converted-space\">\u00a0 <\/span><\/i><\/b><i>Leigusali ber ekki \u00e1byrg\u00f0 \u00e1 bilunum sem kunna a\u00f0 ver\u00f0a \u00e1 b\u00fana\u00f0i eins og rafmagni, l\u00f6gnum, brunavi\u00f0v\u00f6runarkerfi, vatns\u00fa\u00f0akerfi, \u00f6ryggismyndav\u00e9lum, meind\u00fdrav\u00f6rnum og \u00fe.h.<span class=\"Apple-converted-space\">\u00a0<\/span><\/i><\/span><span class=\"s2\"><i><span class=\"Apple-converted-space\"><\/span><\/i><\/span><span class=\"s2\"><i><span class=\"Apple-converted-space\"><\/span><\/i><\/span><span class=\"s2\"><i><span class=\"Apple-converted-space\"><\/span><\/i><\/span><span class=\"s2\"><i><span class=\"Apple-converted-space\"><\/span><\/i><\/span><span class=\"s2\"><i><span class=\"Apple-converted-space\"><\/span><\/i><\/span><span class=\"s2\"><i><span class=\"Apple-converted-space\"><\/span><\/i><\/span><\/li>\n<li class=\"li1\" style=\"text-align: left;\"><b><i><\/i><\/b><span class=\"s2\"><b><i>A\u00f0gangur a\u00f0 geymluvarningi-<span class=\"Apple-converted-space\">\u00a0 <\/span><\/i><\/b><i>Leigutaki l\u00e6tur vita af komu sinni s\u00edmlei\u00f0is me\u00f0 a\u00f0 minnsta kosti s\u00f3larhrings fyrirvara.<\/i><\/span><span class=\"s2\"><i><\/i><\/span><span class=\"s2\"><i><\/i><\/span><span class=\"s2\"><i><\/i><\/span><span class=\"s2\"><i><\/i><\/span><span class=\"s2\"><i><\/i><\/span><span class=\"s2\"><i><\/i><\/span><\/li>\n<li class=\"li1\" style=\"text-align: left;\"><b><i><\/i><\/b><span class=\"s2\"><b><i>Gjaldskr\u00e1-<span class=\"Apple-converted-space\">\u00a0 <\/span><\/i><\/b><i>Leigusala er heimilt a\u00f0 breyta leiguver\u00f0i einhli\u00f0a en teki\u00f0 er mi\u00f0 af v\u00edsit\u00f6lu neysluver\u00f0s.\u00a0<\/i><\/span><\/li>\n<li class=\"li2\" style=\"text-align: left;\"><b><i><\/i><\/b><span class=\"s2\"><b><i>\u00c1greiningur-<span class=\"Apple-converted-space\">\u00a0 <\/span><\/i><\/b><i>Ef leigutaka og leigusala greinir \u00e1 um t\u00falkun leigusamnings e\u00f0a skilm\u00e1la ber a\u00f0ilum m\u00e1ls a\u00f0 reyna til \u00ferautar a\u00f0 leysa \u00e1greiningsm\u00e1lin s\u00edn \u00e1 milli. S\u00e9 lausnami\u00f0u\u00f0 samningalei\u00f0 ekki a\u00f0 ganga skal reka d\u00f3msm\u00e1l vegna \u00e1greinings fyrir H\u00e9ra\u00f0sd\u00f3mi Reykjav\u00edkur.<\/i><\/span><\/li>\n<\/ol>\n<p>&nbsp;<\/p>\n<p>[\/et_pb_text][\/et_pb_column][et_pb_column type=\u00bb1_3&#8243; _builder_version=\u00bb4.16&#8243; _module_preset=\u00bbdefault\u00bb global_colors_info=\u00bb{}\u00bb][\/et_pb_column][et_pb_column type=\u00bb1_3&#8243; _builder_version=\u00bb4.16&#8243; custom_padding=\u00bb|||\u00bb global_colors_info=\u00bb{}\u00bb custom_padding__hover=\u00bb|||\u00bb][\/et_pb_column][\/et_pb_row][\/et_pb_section]<\/p>\n","protected":false},"excerpt":{"rendered":"<p>\u00a0Skilm\u00e1lar Eftirfarandi skilm\u00e1lar gilda hj\u00e1 Brettageymslunni. Leigut\u00edmabil- \u00a0 L\u00e1gmarks leigut\u00edmi er einn m\u00e1nu\u00f0ur. Leigut\u00edmi er \u00e1vallt \u00ed heilum m\u00e1nu\u00f0um fr\u00e1 leigudegi. Uppgj\u00f6r varnings sem tekinn er \u00ed geymslu 15. jan\u00faar og sagt upp 10. febr\u00faar skal mi\u00f0ast vi\u00f0 10. mars sem s\u00ed\u00f0asta leigudag. Upps\u00f6gn leigusamnings- Uppsagnarfrestur leigutaka og leigusala er a\u00f0 l\u00e1gmarki einn m\u00e1nu\u00f0ur. Segja [&hellip;]<\/p>\n","protected":false},"author":3,"featured_media":0,"parent":0,"menu_order":0,"comment_status":"closed","ping_status":"closed","template":"","meta":{"_et_pb_use_builder":"on","_et_pb_old_content":"","_et_gb_content_width":"","footnotes":""},"class_list":["post-58","page","type-page","status-publish","hentry"],"_links":{"self":[{"href":"https:\/\/brettageymslan.is\/index.php\/wp-json\/wp\/v2\/pages\/58","targetHints":{"allow":["GET"]}}],"collection":[{"href":"https:\/\/brettageymslan.is\/index.php\/wp-json\/wp\/v2\/pages"}],"about":[{"href":"https:\/\/brettageymslan.is\/index.php\/wp-json\/wp\/v2\/types\/page"}],"author":[{"embeddable":true,"href":"https:\/\/brettageymslan.is\/index.php\/wp-json\/wp\/v2\/users\/3"}],"replies":[{"embeddable":true,"href":"https:\/\/brettageymslan.is\/index.php\/wp-json\/wp\/v2\/comments?post=58"}],"version-history":[{"count":17,"href":"https:\/\/brettageymslan.is\/index.php\/wp-json\/wp\/v2\/pages\/58\/revisions"}],"predecessor-version":[{"id":480,"href":"https:\/\/brettageymslan.is\/index.php\/wp-json\/wp\/v2\/pages\/58\/revisions\/480"}],"wp:attachment":[{"href":"https:\/\/brettageymslan.is\/index.php\/wp-json\/wp\/v2\/media?parent=58"}],"curies":[{"name":"wp","href":"https:\/\/api.w.org\/{rel}","templated":true}]}}