{"id":105,"date":"2021-11-30T21:12:00","date_gmt":"2021-11-30T21:12:00","guid":{"rendered":"https:\/\/brettageymslan.is\/?page_id=105"},"modified":"2025-11-14T08:51:11","modified_gmt":"2025-11-14T08:51:11","slug":"105-2","status":"publish","type":"page","link":"https:\/\/brettageymslan.is\/index.php\/105-2\/","title":{"rendered":"Spurt og svara\u00f0?"},"content":{"rendered":"<p>[et_pb_section fb_built=\u00bb1&#8243; admin_label=\u00bbFAQ\u00bb _builder_version=\u00bb4.16&#8243; background_color=\u00bb#C0C0C0&#8243; use_background_color_gradient=\u00bbon\u00bb background_color_gradient_type=\u00bbcircular\u00bb background_color_gradient_direction_radial=\u00bbbottom right\u00bb background_color_gradient_stops=\u00bbrgba(0,0,0,0) 0%|#e3e4e5 51%\u00bb background_color_gradient_overlays_image=\u00bbon\u00bb background_color_gradient_start=\u00bbrgba(0,0,0,0)\u00bb background_color_gradient_end=\u00bb#e3e4e5&#8243; background_color_gradient_end_position=\u00bb51%\u00bb background_image=\u00bbhttps:\/\/brettageymslan.is\/wp-content\/uploads\/2021\/11\/electrician_17.png\u00bb global_colors_info=\u00bb{}\u00bb][et_pb_row column_structure=\u00bb1_3,2_3&#8243; _builder_version=\u00bb4.16&#8243; global_colors_info=\u00bb{}\u00bb][et_pb_column type=\u00bb1_3&#8243; _builder_version=\u00bb4.16&#8243; custom_padding=\u00bb|||\u00bb global_colors_info=\u00bb{}\u00bb custom_padding__hover=\u00bb|||\u00bb][et_pb_image src=\u00bbhttps:\/\/brettageymslan.is\/wp-content\/uploads\/2021\/11\/electrician_04.png\u00bb _builder_version=\u00bb4.16&#8243; custom_margin=\u00bb||4px|\u00bb animation_style=\u00bbfold\u00bb animation_direction=\u00bbtop\u00bb always_center_on_mobile=\u00bboff\u00bb locked=\u00bboff\u00bb global_colors_info=\u00bb{}\u00bb][\/et_pb_image][et_pb_text _builder_version=\u00bb4.16&#8243; text_font=\u00bb||||||||\u00bb header_font=\u00bb||||||||\u00bb header_6_font=\u00bbLibre Franklin|600|||||||\u00bb header_6_text_color=\u00bb#ffb400&#8243; header_6_font_size=\u00bb18px\u00bb header_6_line_height=\u00bb1.8em\u00bb custom_margin=\u00bb|||\u00bb border_color_all=\u00bb#ffb400&#8243; border_width_bottom=\u00bb2px\u00bb locked=\u00bboff\u00bb global_colors_info=\u00bb{}\u00bb]<\/p>\n<h6><span style=\"color: #C60000;\">F.A.Q.<\/span><\/h6>\n<p>[\/et_pb_text][et_pb_text _builder_version=\u00bb4.16&#8243; text_font=\u00bbLibre Franklin|300|||||||\u00bb text_font_size=\u00bb16px\u00bb text_line_height=\u00bb1.8em\u00bb header_font=\u00bb||||||||\u00bb header_2_font=\u00bbLibre Franklin|300|||||||\u00bb header_2_font_size=\u00bb42px\u00bb header_2_line_height=\u00bb1.4em\u00bb locked=\u00bboff\u00bb global_colors_info=\u00bb{}\u00bb]<\/p>\n<h2>Spurt og<br \/><strong><span style=\"color: #c60000;\">svara\u00f0?<\/span><\/strong><\/h2>\n<p>[\/et_pb_text][\/et_pb_column][et_pb_column type=\u00bb2_3&#8243; _builder_version=\u00bb4.16&#8243; custom_padding=\u00bb|||\u00bb global_colors_info=\u00bb{}\u00bb custom_padding__hover=\u00bb|||\u00bb][\/et_pb_column][\/et_pb_row][et_pb_row column_structure=\u00bb1_2,1_2&#8243; _builder_version=\u00bb4.16&#8243; global_colors_info=\u00bb{}\u00bb][et_pb_column type=\u00bb1_2&#8243; _builder_version=\u00bb4.16&#8243; custom_padding=\u00bb|||\u00bb global_colors_info=\u00bb{}\u00bb custom_padding__hover=\u00bb|||\u00bb][et_pb_blurb title=\u00bbHvar er brettageymslan.is  sta\u00f0sett?\u00bb use_icon=\u00bbon\u00bb font_icon=\u00bb&#x75;||divi||400&#8243; icon_color=\u00bb#ffffff\u00bb image_icon_background_color=\u00bb#C60000&#8243; icon_placement=\u00bbleft\u00bb image_icon_width=\u00bb18px\u00bb _builder_version=\u00bb4.16&#8243; header_level=\u00bbh2&#8243; header_font=\u00bb|700|||||||\u00bb header_font_size=\u00bb18px\u00bb header_letter_spacing=\u00bb1px\u00bb header_line_height=\u00bb1.8em\u00bb body_font=\u00bb||||||||\u00bb body_line_height=\u00bb1.8em\u00bb image_icon_custom_padding=\u00bb8px|8px|8px|8px|false|false\u00bb custom_margin=\u00bb||60px|\u00bb animation=\u00bboff\u00bb border_radii_image=\u00bbon|100%|100%|100%|100%\u00bb border_width_all_image=\u00bb2px\u00bb border_color_all_image=\u00bb#E02B20&#8243; icon_font_size=\u00bb18px\u00bb use_circle=\u00bbon\u00bb use_circle_border=\u00bbon\u00bb circle_border_color=\u00bb#004ffe\u00bb circle_color=\u00bb#004ffe\u00bb global_colors_info=\u00bb{}\u00bb image_icon_background_color__sticky_enabled=\u00bb#7EBEC5&#8243; image_icon_background_color__sticky=\u00bb#7EBEC5&#8243;]<\/p>\n<p><span style=\"font-size: large;\">\u00de\u00f6nglabakki 1, kjallari (Mj\u00f3dd).<\/span><\/p>\n<p>&nbsp;<\/p>\n<p>[\/et_pb_blurb][et_pb_blurb title=\u00bbHva\u00f0 tekur eitt bretti miki\u00f0?\u00bb use_icon=\u00bbon\u00bb font_icon=\u00bb&#x75;||divi||400&#8243; icon_color=\u00bb#ffffff\u00bb image_icon_background_color=\u00bb#C60000&#8243; icon_placement=\u00bbleft\u00bb image_icon_width=\u00bb18px\u00bb _builder_version=\u00bb4.16&#8243; header_font=\u00bbMontserrat|700|||||||\u00bb header_font_size=\u00bb18px\u00bb header_letter_spacing=\u00bb1px\u00bb header_line_height=\u00bb1.8em\u00bb body_font=\u00bb||||||||\u00bb body_line_height=\u00bb1.8em\u00bb image_icon_custom_padding=\u00bb8px|8px|8px|8px|false|false\u00bb custom_margin=\u00bb||60px|\u00bb animation=\u00bboff\u00bb border_radii_image=\u00bbon|100%|100%|100%|100%\u00bb border_width_all_image=\u00bb2px\u00bb border_color_all_image=\u00bb#E02B20&#8243; icon_font_size=\u00bb18px\u00bb use_circle=\u00bbon\u00bb use_circle_border=\u00bbon\u00bb circle_border_color=\u00bb#004ffe\u00bb circle_color=\u00bb#004ffe\u00bb global_colors_info=\u00bb{}\u00bb image_icon_background_color__sticky_enabled=\u00bb#7EBEC5&#8243; image_icon_background_color__sticky=\u00bb#7EBEC5&#8243;]<\/p>\n<p><span style=\"font-size: large;\">Fullstafla\u00f0 euro-bretti getur a\u00f0 h\u00e1marki veri\u00f0: h\u00e6\u00f0 200 x lengd 120 x breidd 80<\/span><\/p>\n<p>[\/et_pb_blurb][et_pb_blurb title=\u00bbHvernig tek \u00e9g bretti \u00e1 leigu?\u00bb use_icon=\u00bbon\u00bb font_icon=\u00bb&#x75;||divi||400&#8243; icon_color=\u00bb#ffffff\u00bb image_icon_background_color=\u00bb#C60000&#8243; icon_placement=\u00bbleft\u00bb image_icon_width=\u00bb18px\u00bb _builder_version=\u00bb4.16&#8243; header_font=\u00bbMontserrat|700|||||||\u00bb header_font_size=\u00bb18px\u00bb header_letter_spacing=\u00bb1px\u00bb header_line_height=\u00bb1.8em\u00bb body_font=\u00bb||||||||\u00bb body_line_height=\u00bb1.8em\u00bb image_icon_custom_padding=\u00bb8px|8px|8px|8px|false|false\u00bb custom_margin=\u00bb||60px|\u00bb animation=\u00bboff\u00bb border_radii_image=\u00bbon|100%|100%|100%|100%\u00bb border_width_all_image=\u00bb2px\u00bb border_color_all_image=\u00bb#E02B20&#8243; icon_font_size=\u00bb18px\u00bb use_circle=\u00bbon\u00bb use_circle_border=\u00bbon\u00bb circle_border_color=\u00bb#004ffe\u00bb circle_color=\u00bb#004ffe\u00bb global_colors_info=\u00bb{}\u00bb image_icon_background_color__sticky_enabled=\u00bb#7EBEC5&#8243; image_icon_background_color__sticky=\u00bb#7EBEC5&#8243;]<\/p>\n<p><span style=\"font-size: large;\"><\/span><\/p>\n<p><span style=\"font-size: large;\">\u00deegar \u00f6llum \u00fe\u00ednum spurningum hefur veri\u00f0 svara\u00f0 og \u00fe\u00fa tekur \u00e1kv\u00f6r\u00f0un um vi\u00f0skipti \u00fe\u00e1 sendir \u00fe\u00fa sta\u00f0festingu \u00ed fyrirspurnarboxi\u00f0 okkar h\u00e9r \u00e1 vefs\u00ed\u00f0unni e\u00f0a sendir beint \u00e1\u00a0 info@brettageymslan.is \/ \u00fear tekur \u00fe\u00fa fram fullt nafn, kennit\u00f6lu, s\u00edman\u00famer, netfang, \u00e1\u00e6tla\u00f0a dagsetningu samnings og hvort \u00fe\u00fa kj\u00f3sir flutning.<\/span><\/p>\n<p>[\/et_pb_blurb][et_pb_blurb title=\u00bbHva\u00f0a grei\u00f0slulei\u00f0ir eru \u00ed bo\u00f0i?\u00bb use_icon=\u00bbon\u00bb font_icon=\u00bb&#x75;||divi||400&#8243; icon_color=\u00bb#ffffff\u00bb image_icon_background_color=\u00bb#C60000&#8243; icon_placement=\u00bbleft\u00bb image_icon_width=\u00bb18px\u00bb _builder_version=\u00bb4.16&#8243; header_font=\u00bbMontserrat|700|||||||\u00bb header_font_size=\u00bb18px\u00bb header_letter_spacing=\u00bb1px\u00bb header_line_height=\u00bb1.8em\u00bb body_font=\u00bb||||||||\u00bb body_line_height=\u00bb1.8em\u00bb image_icon_custom_padding=\u00bb8px|8px|8px|8px|false|false\u00bb custom_margin=\u00bb||60px|\u00bb animation=\u00bboff\u00bb border_radii_image=\u00bbon|100%|100%|100%|100%\u00bb border_width_all_image=\u00bb2px\u00bb border_color_all_image=\u00bb#E02B20&#8243; icon_font_size=\u00bb18px\u00bb use_circle=\u00bbon\u00bb use_circle_border=\u00bbon\u00bb circle_border_color=\u00bb#004ffe\u00bb circle_color=\u00bb#004ffe\u00bb global_colors_info=\u00bb{}\u00bb image_icon_background_color__sticky_enabled=\u00bb#7EBEC5&#8243; image_icon_background_color__sticky=\u00bb#7EBEC5&#8243;]<\/p>\n<p><span style=\"font-size: large;\">Bankakrafa e\u00f0a kreditkort.<\/span><\/p>\n<p>[\/et_pb_blurb][et_pb_blurb title=\u00bbHva\u00f0 me\u00f0 tryggingu?\u00bb use_icon=\u00bbon\u00bb font_icon=\u00bb&#x75;||divi||400&#8243; icon_color=\u00bb#ffffff\u00bb image_icon_background_color=\u00bb#C60000&#8243; icon_placement=\u00bbleft\u00bb image_icon_width=\u00bb18px\u00bb _builder_version=\u00bb4.16&#8243; header_font=\u00bbMontserrat|700|||||||\u00bb header_font_size=\u00bb18px\u00bb header_letter_spacing=\u00bb1px\u00bb header_line_height=\u00bb1.8em\u00bb body_font=\u00bb||||||||\u00bb body_line_height=\u00bb1.8em\u00bb image_icon_custom_padding=\u00bb8px|8px|8px|8px|false|false\u00bb custom_margin=\u00bb||60px|\u00bb animation=\u00bboff\u00bb border_radii_image=\u00bbon|100%|100%|100%|100%\u00bb border_width_all_image=\u00bb2px\u00bb border_color_all_image=\u00bb#E02B20&#8243; icon_font_size=\u00bb18px\u00bb use_circle=\u00bbon\u00bb use_circle_border=\u00bbon\u00bb circle_border_color=\u00bb#004ffe\u00bb circle_color=\u00bb#004ffe\u00bb global_colors_info=\u00bb{}\u00bb image_icon_background_color__sticky_enabled=\u00bb#7EBEC5&#8243; image_icon_background_color__sticky=\u00bb#7EBEC5&#8243;]<\/p>\n<p><span style=\"font-size: large;\">Leggja \u00fearf fram kreditkort sem tryggingu.<\/span><\/p>\n<p>[\/et_pb_blurb][\/et_pb_column][et_pb_column type=\u00bb1_2&#8243; _builder_version=\u00bb4.16&#8243; custom_padding=\u00bb|||\u00bb global_colors_info=\u00bb{}\u00bb custom_padding__hover=\u00bb|||\u00bb][et_pb_blurb title=\u00bbHvernig er h\u00fasn\u00e6\u00f0i brettageymslunnar? \u00bb use_icon=\u00bbon\u00bb font_icon=\u00bb&#x75;||divi||400&#8243; icon_color=\u00bb#ffffff\u00bb image_icon_background_color=\u00bb#C60000&#8243; icon_placement=\u00bbleft\u00bb image_icon_width=\u00bb18px\u00bb _builder_version=\u00bb4.16&#8243; header_level=\u00bbh3&#8243; header_font=\u00bb|700|||||||\u00bb header_font_size=\u00bb18px\u00bb header_letter_spacing=\u00bb1px\u00bb header_line_height=\u00bb1.8em\u00bb body_font=\u00bb||||||||\u00bb body_line_height=\u00bb1.8em\u00bb image_icon_custom_padding=\u00bb8px|8px|8px|8px|false|false\u00bb custom_margin=\u00bb||60px|\u00bb animation=\u00bboff\u00bb border_radii_image=\u00bbon|100%|100%|100%|100%\u00bb border_width_all_image=\u00bb2px\u00bb border_color_all_image=\u00bb#E02B20&#8243; icon_font_size=\u00bb18px\u00bb use_circle=\u00bbon\u00bb use_circle_border=\u00bbon\u00bb circle_border_color=\u00bb#004ffe\u00bb circle_color=\u00bb#004ffe\u00bb locked=\u00bboff\u00bb global_colors_info=\u00bb{}\u00bb image_icon_background_color__sticky_enabled=\u00bb#7EBEC5&#8243; image_icon_background_color__sticky=\u00bb#7EBEC5&#8243;]<\/p>\n<p><span style=\"font-size: large;\">H\u00fasn\u00e6\u00f0i\u00f0 er upphita\u00f0, vakta\u00f0 me\u00f0 reyk og hitaskynjurum \u00e1samt \u00f6ryggismyndav\u00e9lum.<\/span><\/p>\n<p>[\/et_pb_blurb][et_pb_blurb title=\u00bbHvernig er best a\u00f0 ra\u00f0a \u00e1 bretti til a\u00f0 l\u00e1gmarka kostna\u00f0?\u00bb use_icon=\u00bbon\u00bb font_icon=\u00bb&#x75;||divi||400&#8243; icon_color=\u00bb#ffffff\u00bb image_icon_background_color=\u00bb#C60000&#8243; icon_placement=\u00bbleft\u00bb image_icon_width=\u00bb18px\u00bb _builder_version=\u00bb4.16&#8243; header_font=\u00bbMontserrat|700|||||||\u00bb header_font_size=\u00bb18px\u00bb header_letter_spacing=\u00bb1px\u00bb header_line_height=\u00bb1.8em\u00bb body_font=\u00bb||||||||\u00bb body_line_height=\u00bb1.8em\u00bb image_icon_custom_padding=\u00bb8px|8px|8px|8px|false|false\u00bb custom_margin=\u00bb||60px|\u00bb animation=\u00bboff\u00bb border_radii_image=\u00bbon|100%|100%|100%|100%\u00bb border_width_all_image=\u00bb2px\u00bb border_color_all_image=\u00bb#E02B20&#8243; icon_font_size=\u00bb18px\u00bb use_circle=\u00bbon\u00bb use_circle_border=\u00bbon\u00bb circle_border_color=\u00bb#004ffe\u00bb circle_color=\u00bb#004ffe\u00bb locked=\u00bboff\u00bb global_colors_info=\u00bb{}\u00bb image_icon_background_color__sticky_enabled=\u00bb#7EBEC5&#8243; image_icon_background_color__sticky=\u00bb#7EBEC5&#8243;]<\/p>\n<p><span style=\"font-size: large;\">Til a\u00f0 n\u00fdta bretti\u00f0 sem best og l\u00e1gmarka kostna\u00f0 er gott a\u00f0 hafa \u00ed huga a\u00f0 kassar s\u00f6mu st\u00e6r\u00f0ar ra\u00f0ast betur. Einnig getur veri\u00f0 au\u00f0velt a\u00f0 taka \u00ed sundur r\u00fambotna og \u00fe.h. en \u00fea\u00f0 sparar miki\u00f0 pl\u00e1ss. \u00deess m\u00e1 geta a\u00f0 vi\u00f0 seljum kassa sem passa mj\u00f6g vel \u00e1 brettin.<\/span><br \/><span style=\"font-size: large;\"><\/span><\/p>\n<p><span style=\"font-size: large;\"><\/span><\/p>\n<p>[\/et_pb_blurb][et_pb_blurb title=\u00bbHver er l\u00e1gmarks leigut\u00edmi og uppsagnarfrestur?\u00bb use_icon=\u00bbon\u00bb font_icon=\u00bb&#x75;||divi||400&#8243; icon_color=\u00bb#ffffff\u00bb image_icon_background_color=\u00bb#C60000&#8243; icon_placement=\u00bbleft\u00bb image_icon_width=\u00bb18px\u00bb _builder_version=\u00bb4.16&#8243; header_font=\u00bbMontserrat|700|||||||\u00bb header_font_size=\u00bb18px\u00bb header_letter_spacing=\u00bb1px\u00bb header_line_height=\u00bb1.8em\u00bb body_font=\u00bb||||||||\u00bb body_line_height=\u00bb1.8em\u00bb image_icon_custom_padding=\u00bb8px|8px|8px|8px|false|false\u00bb custom_margin=\u00bb||60px|\u00bb animation=\u00bboff\u00bb border_radii_image=\u00bbon|100%|100%|100%|100%\u00bb border_width_all_image=\u00bb2px\u00bb border_color_all_image=\u00bb#E02B20&#8243; icon_font_size=\u00bb18px\u00bb use_circle=\u00bbon\u00bb use_circle_border=\u00bbon\u00bb circle_border_color=\u00bb#004ffe\u00bb circle_color=\u00bb#004ffe\u00bb locked=\u00bboff\u00bb global_colors_info=\u00bb{}\u00bb image_icon_background_color__sticky_enabled=\u00bb#7EBEC5&#8243; image_icon_background_color__sticky=\u00bb#7EBEC5&#8243;]<\/p>\n<p><span style=\"font-size: large;\">L\u00e1gmarks leigut\u00edmi er einn m\u00e1nu\u00f0ur. Uppsagnarfrestur er einn m\u00e1nu\u00f0ur og mi\u00f0ast vi\u00f0 dagsetningu uppsagnar leigusamnings.<\/span><\/p>\n<p>[\/et_pb_blurb][et_pb_blurb title=\u00bb\u00dearf a\u00f0 grei\u00f0a leigu fyrirfram?\u00bb use_icon=\u00bbon\u00bb font_icon=\u00bb&#x75;||divi||400&#8243; icon_color=\u00bb#ffffff\u00bb image_icon_background_color=\u00bb#C60000&#8243; icon_placement=\u00bbleft\u00bb image_icon_width=\u00bb18px\u00bb _builder_version=\u00bb4.16&#8243; header_font=\u00bbMontserrat|700|||||||\u00bb header_font_size=\u00bb18px\u00bb header_letter_spacing=\u00bb1px\u00bb header_line_height=\u00bb1.8em\u00bb body_font=\u00bb||||||||\u00bb body_line_height=\u00bb1.8em\u00bb image_icon_custom_padding=\u00bb8px|8px|8px|8px|false|false\u00bb custom_margin=\u00bb||60px|\u00bb animation=\u00bboff\u00bb border_radii_image=\u00bbon|100%|100%|100%|100%\u00bb border_width_all_image=\u00bb2px\u00bb border_color_all_image=\u00bb#E02B20&#8243; icon_font_size=\u00bb18px\u00bb use_circle=\u00bbon\u00bb use_circle_border=\u00bbon\u00bb circle_border_color=\u00bb#004ffe\u00bb circle_color=\u00bb#004ffe\u00bb locked=\u00bboff\u00bb global_colors_info=\u00bb{}\u00bb image_icon_background_color__sticky_enabled=\u00bb#7EBEC5&#8243; image_icon_background_color__sticky=\u00bb#7EBEC5&#8243;]<\/p>\n<p><span style=\"font-size: large;\">J\u00e1, grei\u00f0a \u00fearf einn m\u00e1nu\u00f0 fyrirfram.<\/span><\/p>\n<p>[\/et_pb_blurb][\/et_pb_column][\/et_pb_row][\/et_pb_section]<\/p>\n","protected":false},"excerpt":{"rendered":"<p>F.A.Q.Spurt ogsvara\u00f0?\u00de\u00f6nglabakki 1, kjallari (Mj\u00f3dd). &nbsp;Fullstafla\u00f0 euro-bretti getur a\u00f0 h\u00e1marki veri\u00f0: h\u00e6\u00f0 200 x lengd 120 x breidd 80 \u00deegar \u00f6llum \u00fe\u00ednum spurningum hefur veri\u00f0 svara\u00f0 og \u00fe\u00fa tekur \u00e1kv\u00f6r\u00f0un um vi\u00f0skipti \u00fe\u00e1 sendir \u00fe\u00fa sta\u00f0festingu \u00ed fyrirspurnarboxi\u00f0 okkar h\u00e9r \u00e1 vefs\u00ed\u00f0unni e\u00f0a sendir beint \u00e1\u00a0 info@brettageymslan.is \/ \u00fear tekur \u00fe\u00fa fram fullt nafn, kennit\u00f6lu, [&hellip;]<\/p>\n","protected":false},"author":3,"featured_media":0,"parent":0,"menu_order":0,"comment_status":"closed","ping_status":"closed","template":"","meta":{"_et_pb_use_builder":"on","_et_pb_old_content":"","_et_gb_content_width":"","footnotes":""},"class_list":["post-105","page","type-page","status-publish","hentry"],"_links":{"self":[{"href":"https:\/\/brettageymslan.is\/index.php\/wp-json\/wp\/v2\/pages\/105","targetHints":{"allow":["GET"]}}],"collection":[{"href":"https:\/\/brettageymslan.is\/index.php\/wp-json\/wp\/v2\/pages"}],"about":[{"href":"https:\/\/brettageymslan.is\/index.php\/wp-json\/wp\/v2\/types\/page"}],"author":[{"embeddable":true,"href":"https:\/\/brettageymslan.is\/index.php\/wp-json\/wp\/v2\/users\/3"}],"replies":[{"embeddable":true,"href":"https:\/\/brettageymslan.is\/index.php\/wp-json\/wp\/v2\/comments?post=105"}],"version-history":[{"count":18,"href":"https:\/\/brettageymslan.is\/index.php\/wp-json\/wp\/v2\/pages\/105\/revisions"}],"predecessor-version":[{"id":468,"href":"https:\/\/brettageymslan.is\/index.php\/wp-json\/wp\/v2\/pages\/105\/revisions\/468"}],"wp:attachment":[{"href":"https:\/\/brettageymslan.is\/index.php\/wp-json\/wp\/v2\/media?parent=105"}],"curies":[{"name":"wp","href":"https:\/\/api.w.org\/{rel}","templated":true}]}}